{"id":14947,"date":"2025-04-23T05:27:51","date_gmt":"2025-04-23T05:27:51","guid":{"rendered":"https:\/\/allierparis.com\/croissance-des-cheveux\/"},"modified":"2025-10-07T11:29:39","modified_gmt":"2025-10-07T11:29:39","slug":"croissance-des-cheveux","status":"publish","type":"page","link":"https:\/\/allierparis.com\/fr\/croissance-des-cheveux\/","title":{"rendered":"CROISSANCE DES CHEVEUX"},"content":{"rendered":"\t\t<div data-elementor-type=\"wp-page\" data-elementor-id=\"14947\" class=\"elementor elementor-14947\" data-elementor-settings=\"{&quot;ha_cmc_init_switcher&quot;:&quot;no&quot;}\">\n\t\t\t\t<div class=\"elementor-element elementor-element-0147c74 e-con-full e-flex e-con e-parent \" data-id=\"0147c74\" data-element_type=\"container\" data-e-type=\"container\" data-settings=\"{&quot;background_background&quot;:&quot;classic&quot;,&quot;_ha_eqh_enable&quot;:false}\">\t\t<div class=\"elementor-element elementor-element-eee456a elementor-widget elementor-widget-heading\" data-id=\"eee456a\" data-element_type=\"widget\" data-e-type=\"widget\" data-widget_type=\"heading.default\">\n\t\t\t\t<div class=\"elementor-widget-container\">\n\t\t\t\t\t<h2 class=\"elementor-heading-title elementor-size-default\">CROISSANCE DES CHEVEUX<\/h2>\t\t\t\t<\/div>\n\t\t\t\t<\/div>\n\t\t\t\t<\/div>\r\n\t\t        <section class=\"elementor-section elementor-top-section elementor-element elementor-element-10a5bee elementor-section-full_width elementor-section-stretched elementor-section-height-default elementor-section-height-default pxl-type-header-none pxl-bg-color-none pxl-section-padding-none pxl-section-offset-none pxl-row-scroll-none\" data-id=\"10a5bee\" data-element_type=\"section\" data-e-type=\"section\" data-settings=\"{&quot;background_background&quot;:&quot;classic&quot;,&quot;stretch_section&quot;:&quot;section-stretched&quot;,&quot;_ha_eqh_enable&quot;:false}\">\n\n                \n                <div class=\"elementor-container elementor-column-gap-extended \">\n                <div class=\"elementor-column elementor-col-50 elementor-top-column elementor-element elementor-element-35dcc59 pxl-column-none\" data-id=\"35dcc59\" data-element_type=\"column\" data-e-type=\"column\" data-settings=\"{&quot;background_background&quot;:&quot;classic&quot;}\">\r\n        <div class=\"elementor-widget-wrap elementor-element-populated\">\r\n                     \r\n        \t\t<div class=\"elementor-element elementor-element-571b83a elementor-widget elementor-widget-image\" data-id=\"571b83a\" data-element_type=\"widget\" data-e-type=\"widget\" data-widget_type=\"image.default\">\n\t\t\t\t<div class=\"elementor-widget-container\">\n\t\t\t\t\t\t\t\t\t\t\t\t\t\t\t<img fetchpriority=\"high\" decoding=\"async\" width=\"1000\" height=\"1000\" src=\"https:\/\/allierparis.com\/wp-content\/uploads\/2025\/09\/HAIR-GROWTH-Allier-Website-images-1000-X-1000-PX-E02.png\" class=\"attachment-full size-full wp-image-15160\" alt=\"\" srcset=\"https:\/\/allierparis.com\/wp-content\/uploads\/2025\/09\/HAIR-GROWTH-Allier-Website-images-1000-X-1000-PX-E02.png 1000w, https:\/\/allierparis.com\/wp-content\/uploads\/2025\/09\/HAIR-GROWTH-Allier-Website-images-1000-X-1000-PX-E02-300x300.png 300w, https:\/\/allierparis.com\/wp-content\/uploads\/2025\/09\/HAIR-GROWTH-Allier-Website-images-1000-X-1000-PX-E02-150x150.png 150w, https:\/\/allierparis.com\/wp-content\/uploads\/2025\/09\/HAIR-GROWTH-Allier-Website-images-1000-X-1000-PX-E02-768x768.png 768w, https:\/\/allierparis.com\/wp-content\/uploads\/2025\/09\/HAIR-GROWTH-Allier-Website-images-1000-X-1000-PX-E02-710x710.png 710w, https:\/\/allierparis.com\/wp-content\/uploads\/2025\/09\/HAIR-GROWTH-Allier-Website-images-1000-X-1000-PX-E02-600x600.png 600w, https:\/\/allierparis.com\/wp-content\/uploads\/2025\/09\/HAIR-GROWTH-Allier-Website-images-1000-X-1000-PX-E02-250x250.png 250w, https:\/\/allierparis.com\/wp-content\/uploads\/2025\/09\/HAIR-GROWTH-Allier-Website-images-1000-X-1000-PX-E02-96x96.png 96w\" sizes=\"(max-width: 1000px) 100vw, 1000px\" \/>\t\t\t\t\t\t\t\t\t\t\t\t\t\t\t<\/div>\n\t\t\t\t<\/div>\n\t\t            <\/div>\r\n        <\/div>\r\n                <div class=\"elementor-column elementor-col-50 elementor-top-column elementor-element elementor-element-456ae2d pxl-column-none\" data-id=\"456ae2d\" data-element_type=\"column\" data-e-type=\"column\">\r\n        <div class=\"elementor-widget-wrap elementor-element-populated\">\r\n                     \r\n        \t\t<div class=\"elementor-element elementor-element-06ddffa elementor-widget elementor-widget-pxl_heading\" data-id=\"06ddffa\" data-element_type=\"widget\" data-e-type=\"widget\" data-widget_type=\"pxl_heading.default\">\n\t\t\t\t<div class=\"elementor-widget-container\">\n\t\t\t\t\t<div class=\"pxl-heading\">\n\t<div class=\"pxl-heading--inner\">\n\t\t<h3 class=\"pxl-item--title \" data-wow-delay=\"ms\">\n\t\t\tCROISSANCE DES CHEVEUX\t\t\n\t\t<\/h3>\n\t\t\t<\/div>\n<\/div>\t\t\t\t<\/div>\n\t\t\t\t<\/div>\n\t\t\t\t<div class=\"elementor-element elementor-element-0993624 elementor-widget elementor-widget-pxl_text_editor\" data-id=\"0993624\" data-element_type=\"widget\" data-e-type=\"widget\" data-widget_type=\"pxl_text_editor.default\">\n\t\t\t\t<div class=\"elementor-widget-container\">\n\t\t\t\t\t<div class=\"pxl-text-editor \">\n\t<div class=\"pxl-item--inner \" data-wow-delay=\"ms\">\n\t\t<p>C&#8217;est une formulation de solution efficace qui favorise le d\u00e9veloppement sain des cheveux tout en renfor\u00e7ant et en r\u00e9parant vos cheveux. Allier Hair Growth est tr\u00e8s efficace et convient \u00e0 toutes les textures de cheveux et \u00e0 tous les types de peau, agissant comme un s\u00e9rum capillaire.\u00a0<\/p>\t<\/div>\n<\/div>\t\t\t\t<\/div>\n\t\t\t\t<\/div>\n\t\t            <\/div>\r\n        <\/div>\r\n        \t\t\t<\/div>\n\t\t<\/section>\n\t\t        <section class=\"elementor-section elementor-top-section elementor-element elementor-element-b11ac0d elementor-section-full_width elementor-section-height-default elementor-section-height-default pxl-type-header-none pxl-bg-color-none pxl-section-padding-none pxl-section-offset-none pxl-row-scroll-none\" data-id=\"b11ac0d\" data-element_type=\"section\" data-e-type=\"section\" data-settings=\"{&quot;background_background&quot;:&quot;classic&quot;,&quot;_ha_eqh_enable&quot;:false}\">\n\n                \n                <div class=\"elementor-container elementor-column-gap-extended \">\n                <div class=\"elementor-column elementor-col-100 elementor-top-column elementor-element elementor-element-a06277a pxl-column-none\" data-id=\"a06277a\" data-element_type=\"column\" data-e-type=\"column\">\r\n        <div class=\"elementor-widget-wrap elementor-element-populated\">\r\n                     \r\n                <section class=\"elementor-section elementor-inner-section elementor-element elementor-element-83ca372 elementor-section-boxed elementor-section-height-default elementor-section-height-default pxl-type-header-none pxl-bg-color-none pxl-row-scroll-none\" data-id=\"83ca372\" data-element_type=\"section\" data-e-type=\"section\" data-settings=\"{&quot;_ha_eqh_enable&quot;:false}\">\n\n                \n                <div class=\"elementor-container elementor-column-gap-extended \">\n                <div class=\"elementor-column elementor-col-100 elementor-inner-column elementor-element elementor-element-6893989 pxl-column-none\" data-id=\"6893989\" data-element_type=\"column\" data-e-type=\"column\">\r\n        <div class=\"elementor-widget-wrap elementor-element-populated\">\r\n                     \r\n        \t\t<div class=\"elementor-element elementor-element-e8a13e8 elementor-widget elementor-widget-pxl_heading\" data-id=\"e8a13e8\" data-element_type=\"widget\" data-e-type=\"widget\" data-widget_type=\"pxl_heading.default\">\n\t\t\t\t<div class=\"elementor-widget-container\">\n\t\t\t\t\t<div class=\"pxl-heading\">\n\t<div class=\"pxl-heading--inner\">\n\t\t<h3 class=\"pxl-item--title \" data-wow-delay=\"ms\">\n\t\t\t&#8221; Chez Allier Paris, nous sommes convaincus que la science est le seul moyen d&#8217;obtenir une peau saine\u00a0!&#8221;\t\t\n\t\t<\/h3>\n\t\t\t<\/div>\n<\/div>\t\t\t\t<\/div>\n\t\t\t\t<\/div>\n\t\t            <\/div>\r\n        <\/div>\r\n        \t\t\t<\/div>\n\t\t<\/section>\n\t\t            <\/div>\r\n        <\/div>\r\n        \t\t\t<\/div>\n\t\t<\/section>\n\t\t        <section class=\"elementor-section elementor-top-section elementor-element elementor-element-131b21 elementor-section-full_width elementor-section-height-default elementor-section-height-default pxl-type-header-none pxl-bg-color-none pxl-section-padding-none pxl-section-offset-none pxl-row-scroll-none\" data-id=\"131b21\" data-element_type=\"section\" data-e-type=\"section\" data-settings=\"{&quot;background_background&quot;:&quot;classic&quot;,&quot;_ha_eqh_enable&quot;:false}\">\n\n                \n                <div class=\"elementor-container elementor-column-gap-extended \">\n                <div class=\"elementor-column elementor-col-100 elementor-top-column elementor-element elementor-element-1b157de4 pxl-column-none\" data-id=\"1b157de4\" data-element_type=\"column\" data-e-type=\"column\">\r\n        <div class=\"elementor-widget-wrap elementor-element-populated\">\r\n                     \r\n                <section class=\"elementor-section elementor-inner-section elementor-element elementor-element-66f9d1d8 elementor-section-boxed elementor-section-height-default elementor-section-height-default pxl-type-header-none pxl-bg-color-none pxl-row-scroll-none\" data-id=\"66f9d1d8\" data-element_type=\"section\" data-e-type=\"section\" data-settings=\"{&quot;_ha_eqh_enable&quot;:false}\">\n\n                \n                <div class=\"elementor-container elementor-column-gap-extended \">\n                <div class=\"elementor-column elementor-col-100 elementor-inner-column elementor-element elementor-element-28c02e39 pxl-column-none\" data-id=\"28c02e39\" data-element_type=\"column\" data-e-type=\"column\">\r\n        <div class=\"elementor-widget-wrap elementor-element-populated\">\r\n                     \r\n        \t\t<div class=\"elementor-element elementor-element-71955c95 elementor-widget elementor-widget-pxl_heading\" data-id=\"71955c95\" data-element_type=\"widget\" data-e-type=\"widget\" data-widget_type=\"pxl_heading.default\">\n\t\t\t\t<div class=\"elementor-widget-container\">\n\t\t\t\t\t<div class=\"pxl-heading\">\n\t<div class=\"pxl-heading--inner\">\n\t\t<h3 class=\"pxl-item--title \" data-wow-delay=\"ms\">\n\t\t\tFAQs\t\t\n\t\t<\/h3>\n\t\t\t<\/div>\n<\/div>\t\t\t\t<\/div>\n\t\t\t\t<\/div>\n\t\t\t\t<div class=\"elementor-element elementor-element-3536945 elementor-widget-divider--view-line elementor-widget elementor-widget-divider\" data-id=\"3536945\" data-element_type=\"widget\" data-e-type=\"widget\" data-widget_type=\"divider.default\">\n\t\t\t\t<div class=\"elementor-widget-container\">\n\t\t\t\t\t\t\t<div class=\"elementor-divider\">\n\t\t\t<span class=\"elementor-divider-separator\">\n\t\t\t\t\t\t<\/span>\n\t\t<\/div>\n\t\t\t\t\t\t<\/div>\n\t\t\t\t<\/div>\n\t\t            <\/div>\r\n        <\/div>\r\n        \t\t\t<\/div>\n\t\t<\/section>\n\t\t\t\t<div class=\"elementor-element elementor-element-5cd801b elementor-widget elementor-widget-n-accordion\" data-id=\"5cd801b\" data-element_type=\"widget\" data-e-type=\"widget\" data-settings=\"{&quot;default_state&quot;:&quot;expanded&quot;,&quot;max_items_expended&quot;:&quot;one&quot;,&quot;n_accordion_animation_duration&quot;:{&quot;unit&quot;:&quot;ms&quot;,&quot;size&quot;:400,&quot;sizes&quot;:[]}}\" data-widget_type=\"nested-accordion.default\">\n\t\t\t\t<div class=\"elementor-widget-container\">\n\t\t\t\t\t\t\t<div class=\"e-n-accordion\" aria-label=\"Accordion. Open links with Enter or Space, close with Escape, and navigate with Arrow Keys\">\n\t\t\t\t\t\t<details id=\"e-n-accordion-item-9730\" class=\"e-n-accordion-item\" open>\n\t\t\t\t<summary class=\"e-n-accordion-item-title\" data-accordion-index=\"1\" tabindex=\"0\" aria-expanded=\"true\" aria-controls=\"e-n-accordion-item-9730\" >\n\t\t\t\t\t<span class='e-n-accordion-item-title-header'><div class=\"e-n-accordion-item-title-text\"> 1. What makes Allier Paris different from other skincare brands? <\/div><\/span>\n\t\t\t\t\t\t\t<span class='e-n-accordion-item-title-icon'>\n\t\t\t<span class='e-opened' ><i aria-hidden=\"true\" class=\"flaticon flaticon-down-arrow\"><\/i><\/span>\n\t\t\t<span class='e-closed'><i aria-hidden=\"true\" class=\"flaticon flaticon-arrow-right\"><\/i><\/span>\n\t\t<\/span>\n\n\t\t\t\t\t\t<\/summary>\n\t\t\t\t<div role=\"region\" aria-labelledby=\"e-n-accordion-item-9730\" class=\"elementor-element elementor-element-4ebcdb90 e-con-full e-flex e-con e-child \" data-id=\"4ebcdb90\" data-element_type=\"container\" data-e-type=\"container\" data-settings=\"{&quot;_ha_eqh_enable&quot;:false}\">\t\t<div class=\"elementor-element elementor-element-2af375dd elementor-widget elementor-widget-text-editor\" data-id=\"2af375dd\" data-element_type=\"widget\" data-e-type=\"widget\" data-widget_type=\"text-editor.default\">\n\t\t\t\t<div class=\"elementor-widget-container\">\n\t\t\t\t\t\t\t\t\t<p>At Allier Paris, we combine advanced scientific research with a holistic approach to skincare. Our formulations are designed to correct existing skin concerns, prevent future damage, and protect the skin\u2014regardless of age, skin type, or ethnicity. We believe in results rooted in science, not trends.<\/p>\t\t\t\t\t\t\t\t<\/div>\n\t\t\t\t<\/div>\n\t\t\t\t<\/div>\r\n\t\t\t\t\t<\/details>\n\t\t\t\t\t\t<details id=\"e-n-accordion-item-9731\" class=\"e-n-accordion-item\" >\n\t\t\t\t<summary class=\"e-n-accordion-item-title\" data-accordion-index=\"2\" tabindex=\"-1\" aria-expanded=\"false\" aria-controls=\"e-n-accordion-item-9731\" >\n\t\t\t\t\t<span class='e-n-accordion-item-title-header'><div class=\"e-n-accordion-item-title-text\"> 2. Can Allier Paris products be used on sensitive or problematic skin? <\/div><\/span>\n\t\t\t\t\t\t\t<span class='e-n-accordion-item-title-icon'>\n\t\t\t<span class='e-opened' ><i aria-hidden=\"true\" class=\"flaticon flaticon-down-arrow\"><\/i><\/span>\n\t\t\t<span class='e-closed'><i aria-hidden=\"true\" class=\"flaticon flaticon-arrow-right\"><\/i><\/span>\n\t\t<\/span>\n\n\t\t\t\t\t\t<\/summary>\n\t\t\t\t<div role=\"region\" aria-labelledby=\"e-n-accordion-item-9731\" class=\"elementor-element elementor-element-646d6d01 e-con-full e-flex e-con e-child \" data-id=\"646d6d01\" data-element_type=\"container\" data-e-type=\"container\" data-settings=\"{&quot;_ha_eqh_enable&quot;:false}\">\t\t<div class=\"elementor-element elementor-element-2294c010 elementor-widget elementor-widget-text-editor\" data-id=\"2294c010\" data-element_type=\"widget\" data-e-type=\"widget\" data-widget_type=\"text-editor.default\">\n\t\t\t\t<div class=\"elementor-widget-container\">\n\t\t\t\t\t\t\t\t\t<p>Absolutely. Our products are formulated with carefully selected, clinically proven ingredients suitable for all skin types, including sensitive or compromised skin. However, we always recommend a patch test for new users and offer guidance to help customize your skincare routine.\u00a0<\/p>\t\t\t\t\t\t\t\t<\/div>\n\t\t\t\t<\/div>\n\t\t\t\t<\/div>\r\n\t\t\t\t\t<\/details>\n\t\t\t\t\t\t<details id=\"e-n-accordion-item-9732\" class=\"e-n-accordion-item\" >\n\t\t\t\t<summary class=\"e-n-accordion-item-title\" data-accordion-index=\"3\" tabindex=\"-1\" aria-expanded=\"false\" aria-controls=\"e-n-accordion-item-9732\" >\n\t\t\t\t\t<span class='e-n-accordion-item-title-header'><div class=\"e-n-accordion-item-title-text\"> 3. How soon can I expect to see results from Allier Paris products? <\/div><\/span>\n\t\t\t\t\t\t\t<span class='e-n-accordion-item-title-icon'>\n\t\t\t<span class='e-opened' ><i aria-hidden=\"true\" class=\"flaticon flaticon-down-arrow\"><\/i><\/span>\n\t\t\t<span class='e-closed'><i aria-hidden=\"true\" class=\"flaticon flaticon-arrow-right\"><\/i><\/span>\n\t\t<\/span>\n\n\t\t\t\t\t\t<\/summary>\n\t\t\t\t<div role=\"region\" aria-labelledby=\"e-n-accordion-item-9732\" class=\"elementor-element elementor-element-71e8b592 e-con-full e-flex e-con e-child \" data-id=\"71e8b592\" data-element_type=\"container\" data-e-type=\"container\" data-settings=\"{&quot;_ha_eqh_enable&quot;:false}\">\t\t<div class=\"elementor-element elementor-element-429e5568 elementor-widget elementor-widget-text-editor\" data-id=\"429e5568\" data-element_type=\"widget\" data-e-type=\"widget\" data-widget_type=\"text-editor.default\">\n\t\t\t\t<div class=\"elementor-widget-container\">\n\t\t\t\t\t\t\t\t\t<p>Results vary depending on individual skin conditions and consistency of use. Many users begin to notice visible improvements\u2014such as enhanced tone, texture, and clarity\u2014within 2 to 4 weeks. Continued use leads to long-term benefits and healthier skin over time.\u00a0<\/p>\t\t\t\t\t\t\t\t<\/div>\n\t\t\t\t<\/div>\n\t\t\t\t<\/div>\r\n\t\t\t\t\t<\/details>\n\t\t\t\t\t<\/div>\n\t\t\t\t\t\t<\/div>\n\t\t\t\t<\/div>\n\t\t            <\/div>\r\n        <\/div>\r\n        \t\t\t<\/div>\n\t\t<\/section>\n\t\t\t\t<\/div>\n\t\t","protected":false},"excerpt":{"rendered":"<p>CROISSANCE DES CHEVEUX CROISSANCE DES CHEVEUX C&#8217;est une formulation de solution efficace qui favorise le d\u00e9veloppement sain des cheveux tout en renfor\u00e7ant et en r\u00e9parant vos cheveux. Allier Hair Growth est tr\u00e8s efficace et convient \u00e0 toutes les textures de cheveux et \u00e0 tous les types de peau, agissant comme un s\u00e9rum capillaire.\u00a0 &#8221; Chez [&hellip;]<\/p>\n","protected":false},"author":1,"featured_media":0,"parent":0,"menu_order":0,"comment_status":"closed","ping_status":"closed","template":"","meta":{"footnotes":""},"class_list":["post-14947","page","type-page","status-publish","hentry"],"_links":{"self":[{"href":"https:\/\/allierparis.com\/fr\/wp-json\/wp\/v2\/pages\/14947","targetHints":{"allow":["GET"]}}],"collection":[{"href":"https:\/\/allierparis.com\/fr\/wp-json\/wp\/v2\/pages"}],"about":[{"href":"https:\/\/allierparis.com\/fr\/wp-json\/wp\/v2\/types\/page"}],"author":[{"embeddable":true,"href":"https:\/\/allierparis.com\/fr\/wp-json\/wp\/v2\/users\/1"}],"replies":[{"embeddable":true,"href":"https:\/\/allierparis.com\/fr\/wp-json\/wp\/v2\/comments?post=14947"}],"version-history":[{"count":19,"href":"https:\/\/allierparis.com\/fr\/wp-json\/wp\/v2\/pages\/14947\/revisions"}],"predecessor-version":[{"id":15712,"href":"https:\/\/allierparis.com\/fr\/wp-json\/wp\/v2\/pages\/14947\/revisions\/15712"}],"wp:attachment":[{"href":"https:\/\/allierparis.com\/fr\/wp-json\/wp\/v2\/media?parent=14947"}],"curies":[{"name":"wp","href":"https:\/\/api.w.org\/{rel}","templated":true}]}}