{"id":14903,"date":"2025-04-22T11:40:13","date_gmt":"2025-04-22T11:40:13","guid":{"rendered":"https:\/\/allierparis.com\/art\/"},"modified":"2025-10-07T10:52:30","modified_gmt":"2025-10-07T10:52:30","slug":"art","status":"publish","type":"page","link":"https:\/\/allierparis.com\/fr\/art\/","title":{"rendered":"Art"},"content":{"rendered":"\t\t<div data-elementor-type=\"wp-page\" data-elementor-id=\"14903\" class=\"elementor elementor-14903\" data-elementor-settings=\"{&quot;ha_cmc_init_switcher&quot;:&quot;no&quot;}\">\n\t\t\t\t<div class=\"elementor-element elementor-element-0147c74 e-con-full e-flex e-con e-parent \" data-id=\"0147c74\" data-element_type=\"container\" data-e-type=\"container\" data-settings=\"{&quot;background_background&quot;:&quot;classic&quot;,&quot;_ha_eqh_enable&quot;:false}\">\t\t<div class=\"elementor-element elementor-element-eee456a elementor-widget elementor-widget-heading\" data-id=\"eee456a\" data-element_type=\"widget\" data-e-type=\"widget\" data-widget_type=\"heading.default\">\n\t\t\t\t<div class=\"elementor-widget-container\">\n\t\t\t\t\t<h2 class=\"elementor-heading-title elementor-size-default\">Art<\/h2>\t\t\t\t<\/div>\n\t\t\t\t<\/div>\n\t\t\t\t<\/div>\r\n\t\t        <section class=\"elementor-section elementor-top-section elementor-element elementor-element-b11ac0d elementor-section-full_width elementor-section-height-default elementor-section-height-default pxl-type-header-none pxl-bg-color-none pxl-section-padding-none pxl-section-offset-none pxl-row-scroll-none\" data-id=\"b11ac0d\" data-element_type=\"section\" data-e-type=\"section\" data-settings=\"{&quot;background_background&quot;:&quot;classic&quot;,&quot;_ha_eqh_enable&quot;:false}\">\n\n                \n                <div class=\"elementor-container elementor-column-gap-extended \">\n                <div class=\"elementor-column elementor-col-100 elementor-top-column elementor-element elementor-element-a06277a pxl-column-none\" data-id=\"a06277a\" data-element_type=\"column\" data-e-type=\"column\">\r\n        <div class=\"elementor-widget-wrap elementor-element-populated\">\r\n                     \r\n                <section class=\"elementor-section elementor-inner-section elementor-element elementor-element-83ca372 elementor-section-boxed elementor-section-height-default elementor-section-height-default pxl-type-header-none pxl-bg-color-none pxl-row-scroll-none\" data-id=\"83ca372\" data-element_type=\"section\" data-e-type=\"section\" data-settings=\"{&quot;_ha_eqh_enable&quot;:false}\">\n\n                \n                <div class=\"elementor-container elementor-column-gap-extended \">\n                <div class=\"elementor-column elementor-col-100 elementor-inner-column elementor-element elementor-element-6893989 pxl-column-none\" data-id=\"6893989\" data-element_type=\"column\" data-e-type=\"column\">\r\n        <div class=\"elementor-widget-wrap elementor-element-populated\">\r\n                     \r\n        \t\t<div class=\"elementor-element elementor-element-06ddffa elementor-widget elementor-widget-pxl_heading\" data-id=\"06ddffa\" data-element_type=\"widget\" data-e-type=\"widget\" data-widget_type=\"pxl_heading.default\">\n\t\t\t\t<div class=\"elementor-widget-container\">\n\t\t\t\t\t<div class=\"pxl-heading\">\n\t<div class=\"pxl-heading--inner\">\n\t\t<h3 class=\"pxl-item--title \" data-wow-delay=\"ms\">\n\t\t\tArt\t\t\n\t\t<\/h3>\n\t\t\t<\/div>\n<\/div>\t\t\t\t<\/div>\n\t\t\t\t<\/div>\n\t\t\t\t<div class=\"elementor-element elementor-element-e8a13e8 elementor-widget elementor-widget-pxl_heading\" data-id=\"e8a13e8\" data-element_type=\"widget\" data-e-type=\"widget\" data-widget_type=\"pxl_heading.default\">\n\t\t\t\t<div class=\"elementor-widget-container\">\n\t\t\t\t\t<div class=\"pxl-heading\">\n\t<div class=\"pxl-heading--inner\">\n\t\t<h3 class=\"pxl-item--title \" data-wow-delay=\"ms\">\n\t\t\tLa qu\u00eate inlassable de la beaut\u00e9 intemporelle de l&#8217;Allier a inspir\u00e9 la Maison \u00e0 soutenir des initiatives qui s&#8217;efforcent de pr\u00e9server et de promouvoir la culture et la science \u00e0 travers une vision singuli\u00e8re de la beaut\u00e9 \u2013 \u00e0 travers le prisme de la France\t\t\n\t\t<\/h3>\n\t\t\t<\/div>\n<\/div>\t\t\t\t<\/div>\n\t\t\t\t<\/div>\n\t\t            <\/div>\r\n        <\/div>\r\n        \t\t\t<\/div>\n\t\t<\/section>\n\t\t        <section class=\"elementor-section elementor-inner-section elementor-element elementor-element-92191c3 elementor-section-boxed elementor-section-height-default elementor-section-height-default pxl-type-header-none pxl-bg-color-none pxl-row-scroll-none\" data-id=\"92191c3\" data-element_type=\"section\" data-e-type=\"section\" data-settings=\"{&quot;_ha_eqh_enable&quot;:false}\">\n\n                \n                <div class=\"elementor-container elementor-column-gap-extended \">\n                <div class=\"elementor-column elementor-col-50 elementor-inner-column elementor-element elementor-element-746f148 pxl-column-none\" data-id=\"746f148\" data-element_type=\"column\" data-e-type=\"column\">\r\n        <div class=\"elementor-widget-wrap elementor-element-populated\">\r\n                     \r\n        \t\t<div class=\"elementor-element elementor-element-7ebfd6d elementor-widget elementor-widget-video\" data-id=\"7ebfd6d\" data-element_type=\"widget\" data-e-type=\"widget\" data-settings=\"{&quot;video_type&quot;:&quot;hosted&quot;,&quot;controls&quot;:&quot;yes&quot;}\" data-widget_type=\"video.default\">\n\t\t\t\t<div class=\"elementor-widget-container\">\n\t\t\t\t\t\t\t<div class=\"e-hosted-video elementor-wrapper elementor-open-inline\">\n\t\t\t\t\t<video class=\"elementor-video\" src=\"https:\/\/allierparis.com\/wp-content\/uploads\/2025\/04\/allier-2.mp4\" controls=\"\" preload=\"metadata\" controlsList=\"nodownload\"><\/video>\n\t\t\t\t<\/div>\n\t\t\t\t\t\t<\/div>\n\t\t\t\t<\/div>\n\t\t            <\/div>\r\n        <\/div>\r\n                <div class=\"elementor-column elementor-col-50 elementor-inner-column elementor-element elementor-element-8731b12 pxl-column-none\" data-id=\"8731b12\" data-element_type=\"column\" data-e-type=\"column\">\r\n        <div class=\"elementor-widget-wrap elementor-element-populated\">\r\n                     \r\n        \t\t<div class=\"elementor-element elementor-element-84c5bca elementor-widget elementor-widget-video\" data-id=\"84c5bca\" data-element_type=\"widget\" data-e-type=\"widget\" data-settings=\"{&quot;video_type&quot;:&quot;hosted&quot;,&quot;controls&quot;:&quot;yes&quot;}\" data-widget_type=\"video.default\">\n\t\t\t\t<div class=\"elementor-widget-container\">\n\t\t\t\t\t\t\t<div class=\"e-hosted-video elementor-wrapper elementor-open-inline\">\n\t\t\t\t\t<video class=\"elementor-video\" src=\"https:\/\/allierparis.com\/wp-content\/uploads\/2025\/04\/allier-1.mp4\" controls=\"\" preload=\"metadata\" controlsList=\"nodownload\"><\/video>\n\t\t\t\t<\/div>\n\t\t\t\t\t\t<\/div>\n\t\t\t\t<\/div>\n\t\t            <\/div>\r\n        <\/div>\r\n        \t\t\t<\/div>\n\t\t<\/section>\n\t\t            <\/div>\r\n        <\/div>\r\n        \t\t\t<\/div>\n\t\t<\/section>\n\t\t\t\t<\/div>\n\t\t","protected":false},"excerpt":{"rendered":"<p>Art Art La qu\u00eate inlassable de la beaut\u00e9 intemporelle de l&#8217;Allier a inspir\u00e9 la Maison \u00e0 soutenir des initiatives qui s&#8217;efforcent de pr\u00e9server et de promouvoir la culture et la science \u00e0 travers une vision singuli\u00e8re de la beaut\u00e9 \u2013 \u00e0 travers le prisme de la France https:\/\/allierparis.com\/wp-content\/uploads\/2025\/04\/allier-2.mp4https:\/\/allierparis.com\/wp-content\/uploads\/2025\/04\/allier-1.mp4<\/p>\n","protected":false},"author":1,"featured_media":0,"parent":0,"menu_order":0,"comment_status":"closed","ping_status":"closed","template":"","meta":{"footnotes":""},"class_list":["post-14903","page","type-page","status-publish","hentry"],"_links":{"self":[{"href":"https:\/\/allierparis.com\/fr\/wp-json\/wp\/v2\/pages\/14903","targetHints":{"allow":["GET"]}}],"collection":[{"href":"https:\/\/allierparis.com\/fr\/wp-json\/wp\/v2\/pages"}],"about":[{"href":"https:\/\/allierparis.com\/fr\/wp-json\/wp\/v2\/types\/page"}],"author":[{"embeddable":true,"href":"https:\/\/allierparis.com\/fr\/wp-json\/wp\/v2\/users\/1"}],"replies":[{"embeddable":true,"href":"https:\/\/allierparis.com\/fr\/wp-json\/wp\/v2\/comments?post=14903"}],"version-history":[{"count":10,"href":"https:\/\/allierparis.com\/fr\/wp-json\/wp\/v2\/pages\/14903\/revisions"}],"predecessor-version":[{"id":15650,"href":"https:\/\/allierparis.com\/fr\/wp-json\/wp\/v2\/pages\/14903\/revisions\/15650"}],"wp:attachment":[{"href":"https:\/\/allierparis.com\/fr\/wp-json\/wp\/v2\/media?parent=14903"}],"curies":[{"name":"wp","href":"https:\/\/api.w.org\/{rel}","templated":true}]}}