{"id":14858,"date":"2025-04-22T10:16:43","date_gmt":"2025-04-22T10:16:43","guid":{"rendered":"https:\/\/allierparis.com\/a-propos-dallier\/"},"modified":"2025-10-07T10:40:35","modified_gmt":"2025-10-07T10:40:35","slug":"a-propos-dallier","status":"publish","type":"page","link":"https:\/\/allierparis.com\/fr\/a-propos-dallier\/","title":{"rendered":"\u00c0 propos d&#8217;Allier"},"content":{"rendered":"\t\t<div data-elementor-type=\"wp-page\" data-elementor-id=\"14858\" class=\"elementor elementor-14858\" data-elementor-settings=\"{&quot;ha_cmc_init_switcher&quot;:&quot;no&quot;}\">\n\t\t\t\t<div class=\"elementor-element elementor-element-0147c74 e-con-full e-flex e-con e-parent \" data-id=\"0147c74\" data-element_type=\"container\" data-e-type=\"container\" data-settings=\"{&quot;background_background&quot;:&quot;classic&quot;,&quot;_ha_eqh_enable&quot;:false}\">\t\t<div class=\"elementor-element elementor-element-eee456a elementor-widget elementor-widget-heading\" data-id=\"eee456a\" data-element_type=\"widget\" data-e-type=\"widget\" data-widget_type=\"heading.default\">\n\t\t\t\t<div class=\"elementor-widget-container\">\n\t\t\t\t\t<h2 class=\"elementor-heading-title elementor-size-default\">\u00c0 propos d'Allier<\/h2>\t\t\t\t<\/div>\n\t\t\t\t<\/div>\n\t\t\t\t<\/div>\r\n\t\t        <section class=\"elementor-section elementor-top-section elementor-element elementor-element-10a5bee elementor-section-full_width elementor-section-height-default elementor-section-height-default pxl-type-header-none pxl-bg-color-none pxl-section-padding-none pxl-section-offset-none pxl-row-scroll-none\" data-id=\"10a5bee\" data-element_type=\"section\" data-e-type=\"section\" data-settings=\"{&quot;background_background&quot;:&quot;classic&quot;,&quot;_ha_eqh_enable&quot;:false}\">\n\n                \n                <div class=\"elementor-container elementor-column-gap-extended \">\n                <div class=\"elementor-column elementor-col-100 elementor-top-column elementor-element elementor-element-35dcc59 pxl-column-none\" data-id=\"35dcc59\" data-element_type=\"column\" data-e-type=\"column\">\r\n        <div class=\"elementor-widget-wrap elementor-element-populated\">\r\n                     \r\n                <section class=\"elementor-section elementor-inner-section elementor-element elementor-element-f81bb0e elementor-section-boxed elementor-section-height-default elementor-section-height-default pxl-type-header-none pxl-bg-color-none pxl-row-scroll-none\" data-id=\"f81bb0e\" data-element_type=\"section\" data-e-type=\"section\" data-settings=\"{&quot;_ha_eqh_enable&quot;:false}\">\n\n                \n                <div class=\"elementor-container elementor-column-gap-extended \">\n                <div class=\"elementor-column elementor-col-100 elementor-inner-column elementor-element elementor-element-7cac47f pxl-column-none\" data-id=\"7cac47f\" data-element_type=\"column\" data-e-type=\"column\">\r\n        <div class=\"elementor-widget-wrap elementor-element-populated\">\r\n                     \r\n        \t\t<div class=\"elementor-element elementor-element-06ddffa elementor-widget elementor-widget-pxl_heading\" data-id=\"06ddffa\" data-element_type=\"widget\" data-e-type=\"widget\" data-widget_type=\"pxl_heading.default\">\n\t\t\t\t<div class=\"elementor-widget-container\">\n\t\t\t\t\t<div class=\"pxl-heading\">\n\t<div class=\"pxl-heading--inner\">\n\t\t<h3 class=\"pxl-item--title \" data-wow-delay=\"ms\">\n\t\t\t\u00c0 propos de nous\t\t\n\t\t<\/h3>\n\t\t\t<\/div>\n<\/div>\t\t\t\t<\/div>\n\t\t\t\t<\/div>\n\t\t\t\t<div class=\"elementor-element elementor-element-0993624 elementor-widget elementor-widget-pxl_text_editor\" data-id=\"0993624\" data-element_type=\"widget\" data-e-type=\"widget\" data-widget_type=\"pxl_text_editor.default\">\n\t\t\t\t<div class=\"elementor-widget-container\">\n\t\t\t\t\t<div class=\"pxl-text-editor \">\n\t<div class=\"pxl-item--inner \" data-wow-delay=\"ms\">\n\t\t<p>Chez Allier Paris, nous sommes convaincus que la science est le seul moyen d&#8217;obtenir une peau saine. Allier Paris propose une approche globale pour cr\u00e9er et maintenir une peau saine, quels que soient l&#8217;\u00e2ge, l&#8217;origine ethnique, l&#8217;\u00e9tat de peau ou le type de peau. De la correction des dommages caus\u00e9s par le soleil et la pigmentation \u00e0 la pr\u00e9vention des dommages futurs, en passant par la protection contre les dommages futurs.\u00a0<\/p>\t<\/div>\n<\/div>\t\t\t\t<\/div>\n\t\t\t\t<\/div>\n\t\t            <\/div>\r\n        <\/div>\r\n        \t\t\t<\/div>\n\t\t<\/section>\n\t\t            <\/div>\r\n        <\/div>\r\n        \t\t\t<\/div>\n\t\t<\/section>\n\t\t        <section class=\"elementor-section elementor-top-section elementor-element elementor-element-b11ac0d elementor-section-full_width elementor-section-height-default elementor-section-height-default pxl-type-header-none pxl-bg-color-none pxl-section-padding-none pxl-section-offset-none pxl-row-scroll-none\" data-id=\"b11ac0d\" data-element_type=\"section\" data-e-type=\"section\" data-settings=\"{&quot;background_background&quot;:&quot;classic&quot;,&quot;_ha_eqh_enable&quot;:false}\">\n\n                \n                <div class=\"elementor-container elementor-column-gap-extended \">\n                <div class=\"elementor-column elementor-col-100 elementor-top-column elementor-element elementor-element-a06277a pxl-column-none\" data-id=\"a06277a\" data-element_type=\"column\" data-e-type=\"column\">\r\n        <div class=\"elementor-widget-wrap elementor-element-populated\">\r\n                     \r\n                <section class=\"elementor-section elementor-inner-section elementor-element elementor-element-83ca372 elementor-section-boxed elementor-section-height-default elementor-section-height-default pxl-type-header-none pxl-bg-color-none pxl-row-scroll-none\" data-id=\"83ca372\" data-element_type=\"section\" data-e-type=\"section\" data-settings=\"{&quot;_ha_eqh_enable&quot;:false}\">\n\n                \n                <div class=\"elementor-container elementor-column-gap-extended \">\n                <div class=\"elementor-column elementor-col-100 elementor-inner-column elementor-element elementor-element-6893989 pxl-column-none\" data-id=\"6893989\" data-element_type=\"column\" data-e-type=\"column\">\r\n        <div class=\"elementor-widget-wrap elementor-element-populated\">\r\n                     \r\n        \t\t<div class=\"elementor-element elementor-element-e8a13e8 elementor-widget elementor-widget-pxl_heading\" data-id=\"e8a13e8\" data-element_type=\"widget\" data-e-type=\"widget\" data-widget_type=\"pxl_heading.default\">\n\t\t\t\t<div class=\"elementor-widget-container\">\n\t\t\t\t\t<div class=\"pxl-heading\">\n\t<div class=\"pxl-heading--inner\">\n\t\t<h3 class=\"pxl-item--title \" data-wow-delay=\"ms\">\n\t\t\t&#8220;Chez Allier Paris, nous sommes convaincus que la science est le seul moyen d&#8217;obtenir une peau saine\u00a0!&#8221;\t\t\n\t\t<\/h3>\n\t\t\t<\/div>\n<\/div>\t\t\t\t<\/div>\n\t\t\t\t<\/div>\n\t\t            <\/div>\r\n        <\/div>\r\n        \t\t\t<\/div>\n\t\t<\/section>\n\t\t            <\/div>\r\n        <\/div>\r\n        \t\t\t<\/div>\n\t\t<\/section>\n\t\t\t\t<\/div>\n\t\t","protected":false},"excerpt":{"rendered":"<p>\u00c0 propos d&#8217;Allier \u00c0 propos de nous Chez Allier Paris, nous sommes convaincus que la science est le seul moyen d&#8217;obtenir une peau saine. Allier Paris propose une approche globale pour cr\u00e9er et maintenir une peau saine, quels que soient l&#8217;\u00e2ge, l&#8217;origine ethnique, l&#8217;\u00e9tat de peau ou le type de peau. De la correction des [&hellip;]<\/p>\n","protected":false},"author":1,"featured_media":0,"parent":0,"menu_order":0,"comment_status":"closed","ping_status":"closed","template":"","meta":{"footnotes":""},"class_list":["post-14858","page","type-page","status-publish","hentry"],"_links":{"self":[{"href":"https:\/\/allierparis.com\/fr\/wp-json\/wp\/v2\/pages\/14858","targetHints":{"allow":["GET"]}}],"collection":[{"href":"https:\/\/allierparis.com\/fr\/wp-json\/wp\/v2\/pages"}],"about":[{"href":"https:\/\/allierparis.com\/fr\/wp-json\/wp\/v2\/types\/page"}],"author":[{"embeddable":true,"href":"https:\/\/allierparis.com\/fr\/wp-json\/wp\/v2\/users\/1"}],"replies":[{"embeddable":true,"href":"https:\/\/allierparis.com\/fr\/wp-json\/wp\/v2\/comments?post=14858"}],"version-history":[{"count":11,"href":"https:\/\/allierparis.com\/fr\/wp-json\/wp\/v2\/pages\/14858\/revisions"}],"predecessor-version":[{"id":15632,"href":"https:\/\/allierparis.com\/fr\/wp-json\/wp\/v2\/pages\/14858\/revisions\/15632"}],"wp:attachment":[{"href":"https:\/\/allierparis.com\/fr\/wp-json\/wp\/v2\/media?parent=14858"}],"curies":[{"name":"wp","href":"https:\/\/api.w.org\/{rel}","templated":true}]}}